{"id":3741,"date":"2016-06-29T13:42:20","date_gmt":"2016-06-29T10:42:20","guid":{"rendered":"http:\/\/www.floraplus.tk\/?page_id=3741"},"modified":"2024-12-29T15:40:25","modified_gmt":"2024-12-29T12:40:25","slug":"floraplus-yayinlari-abonelik","status":"publish","type":"page","link":"https:\/\/floraplus.net\/en\/floraplus-publications-subscription\/","title":{"rendered":"Printed Publications and Subscriptions"},"content":{"rendered":"<p>Each issue of Floraplus Magazine is definitely prepared with field work. Therefore, each issue includes up-to-date sectoral and professional information and visual materials. Our aim is to publish one issue of our magazine every season. Once your subscription starts, you will be subscribed to a total of 8 issues! This period may last 2-3 years. The subscription fee for 8 issues of our magazine is 1000 TL until the end of 2025. When you deposit this fee into our bank account, you can send it to floropusdergisi@gmail.com or via whatsapp (0535 626 94 72)\u2026<\/p>\n\n\n\n<p>ACCOUNT INFORMATION FOR SUBSCRIPTION<br>IBAN: TR72 0006 7010 0000 0092 3530 84<br>Irfan Akgunduz \/ Yapi Kredi Bank<br>Izmir Torbali Branch<\/p>\n\n\n<div class=\"pgc-sgb-cb wp-block-pgcsimplygalleryblock-grid\" data-gallery-id=\"40150790\"><div class=\"sgb-preloader\" id=\"pr_40150790\">\n\t<div class=\"sgb-square\" style=\"background:#d4d4d4\"><\/div>\n\t<div class=\"sgb-square\" style=\"background:#d4d4d4\"><\/div>\n\t<div class=\"sgb-square\" style=\"background:#d4d4d4\"><\/div>\n\t<div class=\"sgb-square\" style=\"background:#d4d4d4\"><\/div><\/div><div class=\"simply-gallery-amp pgc_sgb_slider\" style=\"display: none;\"><div class=\"sgb-gallery\"><div class=\"sgb-item\"><a href=\"https:\/\/floraplus.net\/en\/floraplus-publications-subscription\/yesilvadikitap-3\/\" target=\"_blank\"><img decoding=\"async\" alt=\"\" width=\"243\" height=\"300\" loading=\"lazy\" src=\"https:\/\/floraplus.net\/wp-content\/uploads\/2024\/12\/yesilvadikitap-3-243x300.jpg\" srcset=\"https:\/\/floraplus.net\/wp-content\/uploads\/2024\/12\/yesilvadikitap-3-243x300.jpg 243w,https:\/\/floraplus.net\/wp-content\/uploads\/2024\/12\/yesilvadikitap-3.jpg 829w\" sizes=\"auto, 250px\"\/><\/a><\/div><div class=\"sgb-item\"><a href=\"https:\/\/floraplus.net\/en\/floraplus-publications-subscription\/kapak-1\/\" target=\"_blank\"><img decoding=\"async\" alt=\"\" width=\"243\" height=\"300\" loading=\"lazy\" src=\"https:\/\/floraplus.net\/wp-content\/uploads\/2024\/09\/kapak-1-243x300.jpg\" srcset=\"https:\/\/floraplus.net\/wp-content\/uploads\/2024\/09\/kapak-1-243x300.jpg 243w,https:\/\/floraplus.net\/wp-content\/uploads\/2024\/09\/kapak-1-829x1024.jpg 829w,https:\/\/floraplus.net\/wp-content\/uploads\/2024\/09\/kapak-1.jpg 1296w\" sizes=\"auto, 250px\"\/><\/a><\/div><div class=\"sgb-item\"><a href=\"https:\/\/floraplus.net\/en\/floraplus-publications-subscription\/kapak-2-2\/\" target=\"_blank\"><img decoding=\"async\" alt=\"\" width=\"246\" height=\"300\" loading=\"lazy\" src=\"https:\/\/floraplus.net\/wp-content\/uploads\/2024\/09\/kapak-2-246x300.jpg\" srcset=\"https:\/\/floraplus.net\/wp-content\/uploads\/2024\/09\/kapak-2-246x300.jpg 246w,https:\/\/floraplus.net\/wp-content\/uploads\/2024\/09\/kapak-2-838x1024.jpg 838w,https:\/\/floraplus.net\/wp-content\/uploads\/2024\/09\/kapak-2.jpg 935w\" sizes=\"auto, 250px\"\/><\/a><\/div><div class=\"sgb-item\"><a href=\"https:\/\/floraplus.net\/en\/2017\/01\/30\/landscaping-practices-and-plants-book\/peyzaj-uygulama-ve-bitkiler-kitabi-2006\/\" target=\"_blank\"><img decoding=\"async\" alt=\"\" width=\"270\" height=\"300\" loading=\"lazy\" src=\"https:\/\/floraplus.net\/wp-content\/uploads\/2017\/01\/Peyzaj-Uygulama-ve-Bitkiler-Kitabi-2006-270x300.jpg\" srcset=\"https:\/\/floraplus.net\/wp-content\/uploads\/2017\/01\/Peyzaj-Uygulama-ve-Bitkiler-Kitabi-2006-270x300.jpg 270w,https:\/\/floraplus.net\/wp-content\/uploads\/2017\/01\/Peyzaj-Uygulama-ve-Bitkiler-Kitabi-2006.jpg 700w\" sizes=\"auto, 250px\"\/><\/a><\/div><div class=\"sgb-item\"><a href=\"https:\/\/floraplus.net\/en\/2017\/01\/30\/turkey-indoor-plants-introduction-book\/turkiye-ic-mekan-bitkileri-tanitim-kitabi-2\/\" target=\"_blank\"><img decoding=\"async\" alt=\"\" width=\"271\" height=\"300\" loading=\"lazy\" src=\"https:\/\/floraplus.net\/wp-content\/uploads\/2017\/01\/turkiye-ic-mekan-bitkileri-tanitim-kitabi-271x300.jpg\" srcset=\"https:\/\/floraplus.net\/wp-content\/uploads\/2017\/01\/turkiye-ic-mekan-bitkileri-tanitim-kitabi-271x300.jpg 271w,https:\/\/floraplus.net\/wp-content\/uploads\/2017\/01\/turkiye-ic-mekan-bitkileri-tanitim-kitabi.jpg 639w\" sizes=\"auto, 250px\"\/><\/a><\/div><div class=\"sgb-item\"><a href=\"https:\/\/floraplus.net\/en\/2017\/01\/30\/turkey-production-catalog-2007\/resim-1761\/\" target=\"_blank\"><img decoding=\"async\" alt=\"\" width=\"217\" height=\"300\" loading=\"lazy\" src=\"https:\/\/floraplus.net\/wp-content\/uploads\/2017\/01\/Resim-1761-217x300.jpg\" srcset=\"https:\/\/floraplus.net\/wp-content\/uploads\/2017\/01\/Resim-1761-217x300.jpg 217w,https:\/\/floraplus.net\/wp-content\/uploads\/2017\/01\/Resim-1761.jpg 563w\" sizes=\"auto, 250px\"\/><\/a><\/div><div class=\"sgb-item\"><a href=\"https:\/\/floraplus.net\/en\/2017\/01\/30\/green-valley-book\/yesil-vadi\/\" target=\"_blank\"><img decoding=\"async\" alt=\"\" width=\"267\" height=\"300\" loading=\"lazy\" src=\"https:\/\/floraplus.net\/wp-content\/uploads\/2017\/01\/Yesil-Vadi-267x300.jpg\" srcset=\"https:\/\/floraplus.net\/wp-content\/uploads\/2017\/01\/Yesil-Vadi-267x300.jpg 267w,https:\/\/floraplus.net\/wp-content\/uploads\/2017\/01\/Yesil-Vadi.jpg 624w\" sizes=\"auto, 250px\"\/><\/a><\/div><div class=\"sgb-item\"><a href=\"https:\/\/floraplus.net\/en\/floraplus-publications-subscription\/yesil-vadi-2\/\" target=\"_blank\"><img decoding=\"async\" alt=\"\" width=\"246\" height=\"300\" loading=\"lazy\" src=\"https:\/\/floraplus.net\/wp-content\/uploads\/2024\/09\/yesil-vadi-2-246x300.jpg\" srcset=\"https:\/\/floraplus.net\/wp-content\/uploads\/2024\/09\/yesil-vadi-2-246x300.jpg 246w,https:\/\/floraplus.net\/wp-content\/uploads\/2024\/09\/yesil-vadi-2-838x1024.jpg 838w,https:\/\/floraplus.net\/wp-content\/uploads\/2024\/09\/yesil-vadi-2.jpg 935w\" sizes=\"auto, 250px\"\/><\/a><\/div><\/div><\/div><script type=\"application\/json\" class=\"sgb-data\">{\"collectionColumns\":2,\"thumbHieghtRation\":1.2,\"collectionThumbRecomendedWidth\":250,\"galleryType\":\"pgc_sgb_grid\",\"galleryId\":\"40150790\",\"images\":[{\"id\":7501,\"title\":\"yesilvadikitap-3\",\"url\":\"https:\/\/floraplus.net\/wp-content\/uploads\/2024\/12\/yesilvadikitap-3.jpg\",\"link\":\"https:\/\/floraplus.net\/floraplus-yayinlari-abonelik\/yesilvadikitap-3\/\",\"alt\":\"\",\"description\":\"\",\"caption\":\"\",\"mime\":\"image\/jpeg\",\"type\":\"image\",\"width\":829,\"height\":1024,\"sizes\":{\"thumbnail\":{\"height\":150,\"width\":150,\"url\":\"https:\/\/floraplus.net\/wp-content\/uploads\/2024\/12\/yesilvadikitap-3-150x150.jpg\",\"orientation\":\"landscape\"},\"medium\":{\"height\":300,\"width\":243,\"url\":\"https:\/\/floraplus.net\/wp-content\/uploads\/2024\/12\/yesilvadikitap-3-243x300.jpg\",\"orientation\":\"portrait\"},\"full\":{\"url\":\"https:\/\/floraplus.net\/wp-content\/uploads\/2024\/12\/yesilvadikitap-3.jpg\",\"height\":1024,\"width\":829,\"orientation\":\"portrait\"}},\"imageMeta\":{\"aperture\":\"0\",\"credit\":\"\",\"camera\":\"\",\"caption\":\"\",\"created_timestamp\":\"0\",\"copyright\":\"\",\"focal_length\":\"0\",\"iso\":\"0\",\"shutter_speed\":\"0\",\"title\":\"\",\"orientation\":\"0\",\"keywords\":[]},\"meta\":false,\"postlink\":\"https:\/\/floraplus.net\/floraplus-yayinlari-abonelik\/yesilvadikitap-3\/\"},{\"id\":7064,\"title\":\"kapak-1\",\"url\":\"https:\/\/floraplus.net\/wp-content\/uploads\/2024\/09\/kapak-1.jpg\",\"link\":\"https:\/\/floraplus.net\/floraplus-yayinlari-abonelik\/kapak-1\/\",\"alt\":\"\",\"description\":\"\",\"caption\":\"\",\"mime\":\"image\/jpeg\",\"type\":\"image\",\"width\":1296,\"height\":1600,\"sizes\":{\"thumbnail\":{\"height\":150,\"width\":150,\"url\":\"https:\/\/floraplus.net\/wp-content\/uploads\/2024\/09\/kapak-1-150x150.jpg\",\"orientation\":\"landscape\"},\"medium\":{\"height\":300,\"width\":243,\"url\":\"https:\/\/floraplus.net\/wp-content\/uploads\/2024\/09\/kapak-1-243x300.jpg\",\"orientation\":\"portrait\"},\"large\":{\"height\":1024,\"width\":829,\"url\":\"https:\/\/floraplus.net\/wp-content\/uploads\/2024\/09\/kapak-1-829x1024.jpg\",\"orientation\":\"portrait\"},\"full\":{\"url\":\"https:\/\/floraplus.net\/wp-content\/uploads\/2024\/09\/kapak-1.jpg\",\"height\":1600,\"width\":1296,\"orientation\":\"portrait\"}},\"imageMeta\":{\"aperture\":\"0\",\"credit\":\"\",\"camera\":\"\",\"caption\":\"\",\"created_timestamp\":\"0\",\"copyright\":\"\",\"focal_length\":\"0\",\"iso\":\"0\",\"shutter_speed\":\"0\",\"title\":\"\",\"orientation\":\"0\",\"keywords\":[]},\"meta\":false,\"postlink\":\"https:\/\/floraplus.net\/floraplus-yayinlari-abonelik\/kapak-1\/\"},{\"id\":7063,\"title\":\"kapak (2)\",\"url\":\"https:\/\/floraplus.net\/wp-content\/uploads\/2024\/09\/kapak-2.jpg\",\"link\":\"https:\/\/floraplus.net\/floraplus-yayinlari-abonelik\/kapak-2-2\/\",\"alt\":\"\",\"description\":\"\",\"caption\":\"\",\"mime\":\"image\/jpeg\",\"type\":\"image\",\"width\":935,\"height\":1142,\"sizes\":{\"thumbnail\":{\"height\":150,\"width\":150,\"url\":\"https:\/\/floraplus.net\/wp-content\/uploads\/2024\/09\/kapak-2-150x150.jpg\",\"orientation\":\"landscape\"},\"medium\":{\"height\":300,\"width\":246,\"url\":\"https:\/\/floraplus.net\/wp-content\/uploads\/2024\/09\/kapak-2-246x300.jpg\",\"orientation\":\"portrait\"},\"large\":{\"height\":1024,\"width\":838,\"url\":\"https:\/\/floraplus.net\/wp-content\/uploads\/2024\/09\/kapak-2-838x1024.jpg\",\"orientation\":\"portrait\"},\"full\":{\"url\":\"https:\/\/floraplus.net\/wp-content\/uploads\/2024\/09\/kapak-2.jpg\",\"height\":1142,\"width\":935,\"orientation\":\"portrait\"}},\"imageMeta\":{\"aperture\":\"0\",\"credit\":\"\",\"camera\":\"\",\"caption\":\"\",\"created_timestamp\":\"0\",\"copyright\":\"\",\"focal_length\":\"0\",\"iso\":\"0\",\"shutter_speed\":\"0\",\"title\":\"\",\"orientation\":\"0\",\"keywords\":[]},\"meta\":false,\"postlink\":\"https:\/\/floraplus.net\/floraplus-yayinlari-abonelik\/kapak-2-2\/\"},{\"id\":5007,\"title\":\"Peyzaj-Uygulama-ve-Bitkiler-Kitabi-2006\",\"url\":\"https:\/\/floraplus.net\/wp-content\/uploads\/2017\/01\/Peyzaj-Uygulama-ve-Bitkiler-Kitabi-2006.jpg\",\"link\":\"https:\/\/floraplus.net\/2017\/01\/30\/peyzaj-uygulama-ve-bitkiler-kitabi\/peyzaj-uygulama-ve-bitkiler-kitabi-2006\/\",\"alt\":\"\",\"description\":\"\",\"caption\":\"\",\"mime\":\"image\/jpeg\",\"type\":\"image\",\"width\":700,\"height\":778,\"sizes\":{\"thumbnail\":{\"height\":150,\"width\":150,\"url\":\"https:\/\/floraplus.net\/wp-content\/uploads\/2017\/01\/Peyzaj-Uygulama-ve-Bitkiler-Kitabi-2006-150x150.jpg\",\"orientation\":\"landscape\"},\"medium\":{\"height\":300,\"width\":270,\"url\":\"https:\/\/floraplus.net\/wp-content\/uploads\/2017\/01\/Peyzaj-Uygulama-ve-Bitkiler-Kitabi-2006-270x300.jpg\",\"orientation\":\"portrait\"},\"full\":{\"url\":\"https:\/\/floraplus.net\/wp-content\/uploads\/2017\/01\/Peyzaj-Uygulama-ve-Bitkiler-Kitabi-2006.jpg\",\"height\":778,\"width\":700,\"orientation\":\"portrait\"}},\"imageMeta\":{\"aperture\":\"0\",\"credit\":\"\",\"camera\":\"\",\"caption\":\"\",\"created_timestamp\":\"0\",\"copyright\":\"\",\"focal_length\":\"0\",\"iso\":\"0\",\"shutter_speed\":\"0\",\"title\":\"\",\"orientation\":\"0\",\"keywords\":[]},\"meta\":false,\"postlink\":\"https:\/\/floraplus.net\/2017\/01\/30\/peyzaj-uygulama-ve-bitkiler-kitabi\/peyzaj-uygulama-ve-bitkiler-kitabi-2006\/\"},{\"id\":5012,\"title\":\"turkiye-ic-mekan-bitkileri-tanitim-kitabi\",\"url\":\"https:\/\/floraplus.net\/wp-content\/uploads\/2017\/01\/turkiye-ic-mekan-bitkileri-tanitim-kitabi.jpg\",\"link\":\"https:\/\/floraplus.net\/2017\/01\/30\/turkiye-ic-mekan-bitkileri-tanitim-kitabi\/turkiye-ic-mekan-bitkileri-tanitim-kitabi-2\/\",\"alt\":\"\",\"description\":\"\",\"caption\":\"\",\"mime\":\"image\/jpeg\",\"type\":\"image\",\"width\":639,\"height\":707,\"sizes\":{\"thumbnail\":{\"height\":150,\"width\":150,\"url\":\"https:\/\/floraplus.net\/wp-content\/uploads\/2017\/01\/turkiye-ic-mekan-bitkileri-tanitim-kitabi-150x150.jpg\",\"orientation\":\"landscape\"},\"medium\":{\"height\":300,\"width\":271,\"url\":\"https:\/\/floraplus.net\/wp-content\/uploads\/2017\/01\/turkiye-ic-mekan-bitkileri-tanitim-kitabi-271x300.jpg\",\"orientation\":\"portrait\"},\"full\":{\"url\":\"https:\/\/floraplus.net\/wp-content\/uploads\/2017\/01\/turkiye-ic-mekan-bitkileri-tanitim-kitabi.jpg\",\"height\":707,\"width\":639,\"orientation\":\"portrait\"}},\"imageMeta\":{\"aperture\":\"0\",\"credit\":\"\",\"camera\":\"\",\"caption\":\"\",\"created_timestamp\":\"0\",\"copyright\":\"\",\"focal_length\":\"0\",\"iso\":\"0\",\"shutter_speed\":\"0\",\"title\":\"\",\"orientation\":\"0\",\"keywords\":[]},\"meta\":false,\"postlink\":\"https:\/\/floraplus.net\/2017\/01\/30\/turkiye-ic-mekan-bitkileri-tanitim-kitabi\/turkiye-ic-mekan-bitkileri-tanitim-kitabi-2\/\"},{\"id\":5018,\"title\":\"uretim_katalogu_2007\",\"url\":\"https:\/\/floraplus.net\/wp-content\/uploads\/2017\/01\/Resim-1761.jpg\",\"link\":\"https:\/\/floraplus.net\/2017\/01\/30\/turkiye-uretim-katalogu-2007\/resim-1761\/\",\"alt\":\"\",\"description\":\"\",\"caption\":\"\",\"mime\":\"image\/jpeg\",\"type\":\"image\",\"width\":563,\"height\":777,\"sizes\":{\"thumbnail\":{\"height\":150,\"width\":150,\"url\":\"https:\/\/floraplus.net\/wp-content\/uploads\/2017\/01\/Resim-1761-150x150.jpg\",\"orientation\":\"landscape\"},\"medium\":{\"height\":300,\"width\":217,\"url\":\"https:\/\/floraplus.net\/wp-content\/uploads\/2017\/01\/Resim-1761-217x300.jpg\",\"orientation\":\"portrait\"},\"full\":{\"url\":\"https:\/\/floraplus.net\/wp-content\/uploads\/2017\/01\/Resim-1761.jpg\",\"height\":777,\"width\":563,\"orientation\":\"portrait\"}},\"imageMeta\":{\"aperture\":\"4\",\"credit\":\"\",\"camera\":\"Canon EOS 350D DIGITAL\",\"caption\":\"\",\"created_timestamp\":\"1284662862\",\"copyright\":\"\",\"focal_length\":\"30\",\"iso\":\"400\",\"shutter_speed\":\"0.004\",\"title\":\"\",\"orientation\":\"1\",\"keywords\":[]},\"meta\":false,\"postlink\":\"https:\/\/floraplus.net\/2017\/01\/30\/turkiye-uretim-katalogu-2007\/resim-1761\/\"},{\"id\":5014,\"title\":\"Yesil-Vadi\",\"url\":\"https:\/\/floraplus.net\/wp-content\/uploads\/2017\/01\/Yesil-Vadi.jpg\",\"link\":\"https:\/\/floraplus.net\/2017\/01\/30\/yesil-vadi-kitabi-i\/yesil-vadi\/\",\"alt\":\"\",\"description\":\"\",\"caption\":\"\",\"mime\":\"image\/jpeg\",\"type\":\"image\",\"width\":624,\"height\":701,\"sizes\":{\"thumbnail\":{\"height\":150,\"width\":150,\"url\":\"https:\/\/floraplus.net\/wp-content\/uploads\/2017\/01\/Yesil-Vadi-150x150.jpg\",\"orientation\":\"landscape\"},\"medium\":{\"height\":300,\"width\":267,\"url\":\"https:\/\/floraplus.net\/wp-content\/uploads\/2017\/01\/Yesil-Vadi-267x300.jpg\",\"orientation\":\"portrait\"},\"full\":{\"url\":\"https:\/\/floraplus.net\/wp-content\/uploads\/2017\/01\/Yesil-Vadi.jpg\",\"height\":701,\"width\":624,\"orientation\":\"portrait\"}},\"imageMeta\":{\"aperture\":\"0\",\"credit\":\"\",\"camera\":\"\",\"caption\":\"\",\"created_timestamp\":\"0\",\"copyright\":\"\",\"focal_length\":\"0\",\"iso\":\"0\",\"shutter_speed\":\"0\",\"title\":\"\",\"orientation\":\"0\",\"keywords\":[]},\"meta\":false,\"postlink\":\"https:\/\/floraplus.net\/2017\/01\/30\/yesil-vadi-kitabi-i\/yesil-vadi\/\"},{\"id\":7073,\"title\":\"yesil-vadi-2\",\"url\":\"https:\/\/floraplus.net\/wp-content\/uploads\/2024\/09\/yesil-vadi-2.jpg\",\"link\":\"https:\/\/floraplus.net\/floraplus-yayinlari-abonelik\/yesil-vadi-2\/\",\"alt\":\"\",\"description\":\"\",\"caption\":\"\",\"mime\":\"image\/jpeg\",\"type\":\"image\",\"width\":935,\"height\":1142,\"sizes\":{\"thumbnail\":{\"height\":150,\"width\":150,\"url\":\"https:\/\/floraplus.net\/wp-content\/uploads\/2024\/09\/yesil-vadi-2-150x150.jpg\",\"orientation\":\"landscape\"},\"medium\":{\"height\":300,\"width\":246,\"url\":\"https:\/\/floraplus.net\/wp-content\/uploads\/2024\/09\/yesil-vadi-2-246x300.jpg\",\"orientation\":\"portrait\"},\"large\":{\"height\":1024,\"width\":838,\"url\":\"https:\/\/floraplus.net\/wp-content\/uploads\/2024\/09\/yesil-vadi-2-838x1024.jpg\",\"orientation\":\"portrait\"},\"full\":{\"url\":\"https:\/\/floraplus.net\/wp-content\/uploads\/2024\/09\/yesil-vadi-2.jpg\",\"height\":1142,\"width\":935,\"orientation\":\"portrait\"}},\"imageMeta\":{\"aperture\":\"0\",\"credit\":\"\",\"camera\":\"\",\"caption\":\"\",\"created_timestamp\":\"0\",\"copyright\":\"\",\"focal_length\":\"0\",\"iso\":\"0\",\"shutter_speed\":\"0\",\"title\":\"\",\"orientation\":\"0\",\"keywords\":[]},\"meta\":false,\"postlink\":\"https:\/\/floraplus.net\/floraplus-yayinlari-abonelik\/yesil-vadi-2\/\"}],\"itemsMetaDataCollection\":[]}<\/script><script>(function(){if(window.PGC_SGB && window.PGC_SGB.searcher){window.PGC_SGB.searcher.initBlocks()}})()<\/script><\/div>\n\n\n<p><\/p>","protected":false},"excerpt":{"rendered":"<p>Each issue of Floraplus Magazine is prepared with field work. Therefore, each issue includes current sectoral and<\/p>","protected":false},"author":1,"featured_media":7063,"parent":0,"menu_order":0,"comment_status":"closed","ping_status":"closed","template":"","meta":{"pgc_sgb_lightbox_settings":"","cybocfi_hide_featured_image":"","footnotes":""},"class_list":["post-3741","page","type-page","status-publish","has-post-thumbnail","hentry"],"yoast_head":"<!-- This site is optimized with the Yoast SEO Premium plugin v25.4 (Yoast SEO v25.4) - https:\/\/yoast.com\/wordpress\/plugins\/seo\/ -->\n<title>Bas\u0131l\u0131 Yay\u0131nlar ve Abonelik - Floraplus<\/title>\n<meta name=\"robots\" content=\"index, follow, max-snippet:-1, max-image-preview:large, max-video-preview:-1\" \/>\n<link rel=\"canonical\" href=\"https:\/\/floraplus.net\/en\/floraplus-publications-subscription\/\" \/>\n<meta property=\"og:locale\" content=\"en_US\" \/>\n<meta property=\"og:type\" content=\"article\" \/>\n<meta property=\"og:title\" content=\"Bas\u0131l\u0131 Yay\u0131nlar ve Abonelik\" \/>\n<meta property=\"og:description\" content=\"Floraplus Dergisi\u2019nin her say\u0131s\u0131 mutlaka saha \u00e7al\u0131\u015fmas\u0131yla haz\u0131rlan\u0131r. Bu nedenle her say\u0131s\u0131 g\u00fcncel sekt\u00f6rel ve\" \/>\n<meta property=\"og:url\" content=\"https:\/\/floraplus.net\/en\/floraplus-publications-subscription\/\" \/>\n<meta property=\"og:site_name\" content=\"Floraplus\" \/>\n<meta property=\"article:publisher\" content=\"https:\/\/www.facebook.com\/floraplusdergisi\" \/>\n<meta property=\"article:modified_time\" content=\"2024-12-29T12:40:25+00:00\" \/>\n<meta property=\"og:image\" content=\"https:\/\/floraplus.net\/wp-content\/uploads\/2024\/09\/kapak-2.jpg\" \/>\n\t<meta property=\"og:image:width\" content=\"935\" \/>\n\t<meta property=\"og:image:height\" content=\"1142\" \/>\n\t<meta property=\"og:image:type\" content=\"image\/jpeg\" \/>\n<meta name=\"twitter:card\" content=\"summary_large_image\" \/>\n<meta name=\"twitter:label1\" content=\"Est. reading time\" \/>\n\t<meta name=\"twitter:data1\" content=\"1 minute\" \/>\n<script type=\"application\/ld+json\" class=\"yoast-schema-graph\">{\"@context\":\"https:\/\/schema.org\",\"@graph\":[{\"@type\":\"WebPage\",\"@id\":\"https:\/\/floraplus.net\/tr_tr\/floraplus-yayinlari-abonelik\/\",\"url\":\"https:\/\/floraplus.net\/tr_tr\/floraplus-yayinlari-abonelik\/\",\"name\":\"Bas\u0131l\u0131 Yay\u0131nlar ve Abonelik - Floraplus\",\"isPartOf\":{\"@id\":\"https:\/\/floraplus.net\/en\/#website\"},\"primaryImageOfPage\":{\"@id\":\"https:\/\/floraplus.net\/tr_tr\/floraplus-yayinlari-abonelik\/#primaryimage\"},\"image\":{\"@id\":\"https:\/\/floraplus.net\/tr_tr\/floraplus-yayinlari-abonelik\/#primaryimage\"},\"thumbnailUrl\":\"https:\/\/floraplus.net\/wp-content\/uploads\/2024\/09\/kapak-2.jpg\",\"datePublished\":\"2016-06-29T10:42:20+00:00\",\"dateModified\":\"2024-12-29T12:40:25+00:00\",\"breadcrumb\":{\"@id\":\"https:\/\/floraplus.net\/tr_tr\/floraplus-yayinlari-abonelik\/#breadcrumb\"},\"inLanguage\":\"en-US\",\"potentialAction\":[{\"@type\":\"ReadAction\",\"target\":[\"https:\/\/floraplus.net\/tr_tr\/floraplus-yayinlari-abonelik\/\"]}]},{\"@type\":\"ImageObject\",\"inLanguage\":\"en-US\",\"@id\":\"https:\/\/floraplus.net\/tr_tr\/floraplus-yayinlari-abonelik\/#primaryimage\",\"url\":\"https:\/\/floraplus.net\/wp-content\/uploads\/2024\/09\/kapak-2.jpg\",\"contentUrl\":\"https:\/\/floraplus.net\/wp-content\/uploads\/2024\/09\/kapak-2.jpg\",\"width\":935,\"height\":1142},{\"@type\":\"BreadcrumbList\",\"@id\":\"https:\/\/floraplus.net\/tr_tr\/floraplus-yayinlari-abonelik\/#breadcrumb\",\"itemListElement\":[{\"@type\":\"ListItem\",\"position\":1,\"name\":\"Home\",\"item\":\"https:\/\/floraplus.net\/en\/\"},{\"@type\":\"ListItem\",\"position\":2,\"name\":\"Bas\u0131l\u0131 Yay\u0131nlar ve Abonelik\"}]},{\"@type\":\"WebSite\",\"@id\":\"https:\/\/floraplus.net\/en\/#website\",\"url\":\"https:\/\/floraplus.net\/en\/\",\"name\":\"Floraplus\",\"description\":\"Peyzaj, peyzaj mimarl\u0131\u011f\u0131, peyzaj bitkileri, s\u00fcs ve bah\u00e7e\u00a0bitkileri\",\"publisher\":{\"@id\":\"https:\/\/floraplus.net\/en\/#organization\"},\"potentialAction\":[{\"@type\":\"SearchAction\",\"target\":{\"@type\":\"EntryPoint\",\"urlTemplate\":\"https:\/\/floraplus.net\/en\/?s={search_term_string}\"},\"query-input\":{\"@type\":\"PropertyValueSpecification\",\"valueRequired\":true,\"valueName\":\"search_term_string\"}}],\"inLanguage\":\"en-US\"},{\"@type\":\"Organization\",\"@id\":\"https:\/\/floraplus.net\/en\/#organization\",\"name\":\"Floraplus\",\"url\":\"https:\/\/floraplus.net\/en\/\",\"logo\":{\"@type\":\"ImageObject\",\"inLanguage\":\"en-US\",\"@id\":\"https:\/\/floraplus.net\/en\/#\/schema\/logo\/image\/\",\"url\":\"https:\/\/floraplus.net\/wp-content\/uploads\/2021\/08\/logo-e1627994475388.png\",\"contentUrl\":\"https:\/\/floraplus.net\/wp-content\/uploads\/2021\/08\/logo-e1627994475388.png\",\"width\":251,\"height\":81,\"caption\":\"Floraplus\"},\"image\":{\"@id\":\"https:\/\/floraplus.net\/en\/#\/schema\/logo\/image\/\"},\"sameAs\":[\"https:\/\/www.facebook.com\/floraplusdergisi\",\"https:\/\/www.instagram.com\/floraplusdergisi\/\"]}]}<\/script>\n<!-- \/ Yoast SEO Premium plugin. -->","yoast_head_json":{"title":"Bas\u0131l\u0131 Yay\u0131nlar ve Abonelik - Floraplus","robots":{"index":"index","follow":"follow","max-snippet":"max-snippet:-1","max-image-preview":"max-image-preview:large","max-video-preview":"max-video-preview:-1"},"canonical":"https:\/\/floraplus.net\/en\/floraplus-publications-subscription\/","og_locale":"en_US","og_type":"article","og_title":"Bas\u0131l\u0131 Yay\u0131nlar ve Abonelik","og_description":"Floraplus Dergisi\u2019nin her say\u0131s\u0131 mutlaka saha \u00e7al\u0131\u015fmas\u0131yla haz\u0131rlan\u0131r. Bu nedenle her say\u0131s\u0131 g\u00fcncel sekt\u00f6rel ve","og_url":"https:\/\/floraplus.net\/en\/floraplus-publications-subscription\/","og_site_name":"Floraplus","article_publisher":"https:\/\/www.facebook.com\/floraplusdergisi","article_modified_time":"2024-12-29T12:40:25+00:00","og_image":[{"width":935,"height":1142,"url":"https:\/\/floraplus.net\/wp-content\/uploads\/2024\/09\/kapak-2.jpg","type":"image\/jpeg"}],"twitter_card":"summary_large_image","twitter_misc":{"Est. reading time":"1 minute"},"schema":{"@context":"https:\/\/schema.org","@graph":[{"@type":"WebPage","@id":"https:\/\/floraplus.net\/tr_tr\/floraplus-yayinlari-abonelik\/","url":"https:\/\/floraplus.net\/tr_tr\/floraplus-yayinlari-abonelik\/","name":"Bas\u0131l\u0131 Yay\u0131nlar ve Abonelik - Floraplus","isPartOf":{"@id":"https:\/\/floraplus.net\/en\/#website"},"primaryImageOfPage":{"@id":"https:\/\/floraplus.net\/tr_tr\/floraplus-yayinlari-abonelik\/#primaryimage"},"image":{"@id":"https:\/\/floraplus.net\/tr_tr\/floraplus-yayinlari-abonelik\/#primaryimage"},"thumbnailUrl":"https:\/\/floraplus.net\/wp-content\/uploads\/2024\/09\/kapak-2.jpg","datePublished":"2016-06-29T10:42:20+00:00","dateModified":"2024-12-29T12:40:25+00:00","breadcrumb":{"@id":"https:\/\/floraplus.net\/tr_tr\/floraplus-yayinlari-abonelik\/#breadcrumb"},"inLanguage":"en-US","potentialAction":[{"@type":"ReadAction","target":["https:\/\/floraplus.net\/tr_tr\/floraplus-yayinlari-abonelik\/"]}]},{"@type":"ImageObject","inLanguage":"en-US","@id":"https:\/\/floraplus.net\/tr_tr\/floraplus-yayinlari-abonelik\/#primaryimage","url":"https:\/\/floraplus.net\/wp-content\/uploads\/2024\/09\/kapak-2.jpg","contentUrl":"https:\/\/floraplus.net\/wp-content\/uploads\/2024\/09\/kapak-2.jpg","width":935,"height":1142},{"@type":"BreadcrumbList","@id":"https:\/\/floraplus.net\/tr_tr\/floraplus-yayinlari-abonelik\/#breadcrumb","itemListElement":[{"@type":"ListItem","position":1,"name":"Home","item":"https:\/\/floraplus.net\/en\/"},{"@type":"ListItem","position":2,"name":"Bas\u0131l\u0131 Yay\u0131nlar ve Abonelik"}]},{"@type":"WebSite","@id":"https:\/\/floraplus.net\/en\/#website","url":"https:\/\/floraplus.net\/en\/","name":"Floraplus","description":"Peyzaj, peyzaj mimarl\u0131\u011f\u0131, peyzaj bitkileri, s\u00fcs ve bah\u00e7e\u00a0bitkileri","publisher":{"@id":"https:\/\/floraplus.net\/en\/#organization"},"potentialAction":[{"@type":"SearchAction","target":{"@type":"EntryPoint","urlTemplate":"https:\/\/floraplus.net\/en\/?s={search_term_string}"},"query-input":{"@type":"PropertyValueSpecification","valueRequired":true,"valueName":"search_term_string"}}],"inLanguage":"en-US"},{"@type":"Organization","@id":"https:\/\/floraplus.net\/en\/#organization","name":"Floraplus","url":"https:\/\/floraplus.net\/en\/","logo":{"@type":"ImageObject","inLanguage":"en-US","@id":"https:\/\/floraplus.net\/en\/#\/schema\/logo\/image\/","url":"https:\/\/floraplus.net\/wp-content\/uploads\/2021\/08\/logo-e1627994475388.png","contentUrl":"https:\/\/floraplus.net\/wp-content\/uploads\/2021\/08\/logo-e1627994475388.png","width":251,"height":81,"caption":"Floraplus"},"image":{"@id":"https:\/\/floraplus.net\/en\/#\/schema\/logo\/image\/"},"sameAs":["https:\/\/www.facebook.com\/floraplusdergisi","https:\/\/www.instagram.com\/floraplusdergisi\/"]}]}},"_links":{"self":[{"href":"https:\/\/floraplus.net\/en\/wp-json\/wp\/v2\/pages\/3741","targetHints":{"allow":["GET"]}}],"collection":[{"href":"https:\/\/floraplus.net\/en\/wp-json\/wp\/v2\/pages"}],"about":[{"href":"https:\/\/floraplus.net\/en\/wp-json\/wp\/v2\/types\/page"}],"author":[{"embeddable":true,"href":"https:\/\/floraplus.net\/en\/wp-json\/wp\/v2\/users\/1"}],"replies":[{"embeddable":true,"href":"https:\/\/floraplus.net\/en\/wp-json\/wp\/v2\/comments?post=3741"}],"version-history":[{"count":11,"href":"https:\/\/floraplus.net\/en\/wp-json\/wp\/v2\/pages\/3741\/revisions"}],"predecessor-version":[{"id":7502,"href":"https:\/\/floraplus.net\/en\/wp-json\/wp\/v2\/pages\/3741\/revisions\/7502"}],"wp:featuredmedia":[{"embeddable":true,"href":"https:\/\/floraplus.net\/en\/wp-json\/wp\/v2\/media\/7063"}],"wp:attachment":[{"href":"https:\/\/floraplus.net\/en\/wp-json\/wp\/v2\/media?parent=3741"}],"curies":[{"name":"wp","href":"https:\/\/api.w.org\/{rel}","templated":true}]}}