{"id":5700,"date":"2021-08-01T17:21:00","date_gmt":"2021-08-01T14:21:00","guid":{"rendered":"http:\/\/floraplus.net\/?page_id=5700"},"modified":"2024-08-21T09:51:12","modified_gmt":"2024-08-21T06:51:12","slug":"proje-gonderme","status":"publish","type":"page","link":"https:\/\/floraplus.net\/en\/sending-a-project\/","title":{"rendered":"Submit a Project"},"content":{"rendered":"<h2 class=\"wp-block-heading\"><strong>You can submit your projects, project ideas and research to be published online in our magazine.<\/strong><\/h2>\n\n\n\n<p>(Landscape architects, project, design and implementation companies and individuals who do landscape design, students, academics.)<\/p>\n\n\n\n<p>Documents you submit: A brief summary, if possible; the entire article should not exceed two web pages. Visual materials should include 4 to 10 photographs (minimum width of 1000 pixels at 150 dpi).<\/p>\n\n\n\n<p>You must include your name, address, and contact information (email, web address, etc.). References, if used, should be in the form of footnotes.&nbsp;&nbsp;<\/p>\n\n\n\n<p>Text and visual materials should not have copyright issues.<\/p>\n\n\n\n<p>Text and photos <a href=\"mailto:floraplusdergisi@gmail.com\">akgunduzirfan@gmail.com<\/a> You can send it via email to or via wetransfer.com, onedrive.com.<\/p>","protected":false},"excerpt":{"rendered":"<p>You can submit your projects, project ideas, and research to be published online in our magazine. (Landscape design<\/p>","protected":false},"author":1,"featured_media":0,"parent":0,"menu_order":0,"comment_status":"closed","ping_status":"closed","template":"","meta":{"pgc_sgb_lightbox_settings":"","cybocfi_hide_featured_image":"","footnotes":""},"class_list":["post-5700","page","type-page","status-publish","hentry"],"yoast_head":"<!-- This site is optimized with the Yoast SEO Premium plugin v25.4 (Yoast SEO v25.4) - https:\/\/yoast.com\/wordpress\/plugins\/seo\/ -->\n<title>Proje G\u00f6nderme - Floraplus<\/title>\n<meta name=\"robots\" content=\"index, follow, max-snippet:-1, max-image-preview:large, max-video-preview:-1\" \/>\n<link rel=\"canonical\" href=\"https:\/\/floraplus.net\/en\/sending-a-project\/\" \/>\n<meta property=\"og:locale\" content=\"en_US\" \/>\n<meta property=\"og:type\" content=\"article\" \/>\n<meta property=\"og:title\" content=\"Proje G\u00f6nderme\" \/>\n<meta property=\"og:description\" content=\"Dergimizde \u00e7evrimi\u00e7i olarak yay\u0131nlanmak \u00fczere projelerinizi, geli\u015ftirdi\u011finiz proje fikirlerinizi ve yap\u0131lm\u0131\u015f ara\u015ft\u0131rmalar\u0131n\u0131z\u0131 g\u00f6nderebilirsiniz. (Peyzaj tasar\u0131m\u0131\" \/>\n<meta property=\"og:url\" content=\"https:\/\/floraplus.net\/en\/sending-a-project\/\" \/>\n<meta property=\"og:site_name\" content=\"Floraplus\" \/>\n<meta property=\"article:publisher\" content=\"https:\/\/www.facebook.com\/floraplusdergisi\" \/>\n<meta property=\"article:modified_time\" content=\"2024-08-21T06:51:12+00:00\" \/>\n<meta property=\"og:image\" content=\"https:\/\/floraplus.net\/wp-content\/uploads\/2025\/07\/floraplus-facebook-kapak-2.jpg\" \/>\n\t<meta property=\"og:image:width\" content=\"851\" \/>\n\t<meta property=\"og:image:height\" content=\"325\" \/>\n\t<meta property=\"og:image:type\" content=\"image\/jpeg\" \/>\n<meta name=\"twitter:card\" content=\"summary_large_image\" \/>\n<meta name=\"twitter:label1\" content=\"Est. reading time\" \/>\n\t<meta name=\"twitter:data1\" content=\"1 minute\" \/>\n<script type=\"application\/ld+json\" class=\"yoast-schema-graph\">{\"@context\":\"https:\/\/schema.org\",\"@graph\":[{\"@type\":\"WebPage\",\"@id\":\"https:\/\/floraplus.net\/tr_tr\/proje-gonderme\/\",\"url\":\"https:\/\/floraplus.net\/tr_tr\/proje-gonderme\/\",\"name\":\"Proje G\u00f6nderme - Floraplus\",\"isPartOf\":{\"@id\":\"https:\/\/floraplus.net\/en\/#website\"},\"datePublished\":\"2021-08-01T14:21:00+00:00\",\"dateModified\":\"2024-08-21T06:51:12+00:00\",\"breadcrumb\":{\"@id\":\"https:\/\/floraplus.net\/tr_tr\/proje-gonderme\/#breadcrumb\"},\"inLanguage\":\"en-US\",\"potentialAction\":[{\"@type\":\"ReadAction\",\"target\":[\"https:\/\/floraplus.net\/tr_tr\/proje-gonderme\/\"]}]},{\"@type\":\"BreadcrumbList\",\"@id\":\"https:\/\/floraplus.net\/tr_tr\/proje-gonderme\/#breadcrumb\",\"itemListElement\":[{\"@type\":\"ListItem\",\"position\":1,\"name\":\"Home\",\"item\":\"https:\/\/floraplus.net\/en\/\"},{\"@type\":\"ListItem\",\"position\":2,\"name\":\"Proje G\u00f6nderme\"}]},{\"@type\":\"WebSite\",\"@id\":\"https:\/\/floraplus.net\/en\/#website\",\"url\":\"https:\/\/floraplus.net\/en\/\",\"name\":\"Floraplus\",\"description\":\"Peyzaj, peyzaj mimarl\u0131\u011f\u0131, peyzaj bitkileri, s\u00fcs ve bah\u00e7e\u00a0bitkileri\",\"publisher\":{\"@id\":\"https:\/\/floraplus.net\/en\/#organization\"},\"potentialAction\":[{\"@type\":\"SearchAction\",\"target\":{\"@type\":\"EntryPoint\",\"urlTemplate\":\"https:\/\/floraplus.net\/en\/?s={search_term_string}\"},\"query-input\":{\"@type\":\"PropertyValueSpecification\",\"valueRequired\":true,\"valueName\":\"search_term_string\"}}],\"inLanguage\":\"en-US\"},{\"@type\":\"Organization\",\"@id\":\"https:\/\/floraplus.net\/en\/#organization\",\"name\":\"Floraplus\",\"url\":\"https:\/\/floraplus.net\/en\/\",\"logo\":{\"@type\":\"ImageObject\",\"inLanguage\":\"en-US\",\"@id\":\"https:\/\/floraplus.net\/en\/#\/schema\/logo\/image\/\",\"url\":\"https:\/\/floraplus.net\/wp-content\/uploads\/2021\/08\/logo-e1627994475388.png\",\"contentUrl\":\"https:\/\/floraplus.net\/wp-content\/uploads\/2021\/08\/logo-e1627994475388.png\",\"width\":251,\"height\":81,\"caption\":\"Floraplus\"},\"image\":{\"@id\":\"https:\/\/floraplus.net\/en\/#\/schema\/logo\/image\/\"},\"sameAs\":[\"https:\/\/www.facebook.com\/floraplusdergisi\",\"https:\/\/www.instagram.com\/floraplusdergisi\/\"]}]}<\/script>\n<!-- \/ Yoast SEO Premium plugin. -->","yoast_head_json":{"title":"Proje G\u00f6nderme - Floraplus","robots":{"index":"index","follow":"follow","max-snippet":"max-snippet:-1","max-image-preview":"max-image-preview:large","max-video-preview":"max-video-preview:-1"},"canonical":"https:\/\/floraplus.net\/en\/sending-a-project\/","og_locale":"en_US","og_type":"article","og_title":"Proje G\u00f6nderme","og_description":"Dergimizde \u00e7evrimi\u00e7i olarak yay\u0131nlanmak \u00fczere projelerinizi, geli\u015ftirdi\u011finiz proje fikirlerinizi ve yap\u0131lm\u0131\u015f ara\u015ft\u0131rmalar\u0131n\u0131z\u0131 g\u00f6nderebilirsiniz. (Peyzaj tasar\u0131m\u0131","og_url":"https:\/\/floraplus.net\/en\/sending-a-project\/","og_site_name":"Floraplus","article_publisher":"https:\/\/www.facebook.com\/floraplusdergisi","article_modified_time":"2024-08-21T06:51:12+00:00","og_image":[{"width":851,"height":325,"url":"https:\/\/floraplus.net\/wp-content\/uploads\/2025\/07\/floraplus-facebook-kapak-2.jpg","type":"image\/jpeg"}],"twitter_card":"summary_large_image","twitter_misc":{"Est. reading time":"1 minute"},"schema":{"@context":"https:\/\/schema.org","@graph":[{"@type":"WebPage","@id":"https:\/\/floraplus.net\/tr_tr\/proje-gonderme\/","url":"https:\/\/floraplus.net\/tr_tr\/proje-gonderme\/","name":"Proje G\u00f6nderme - Floraplus","isPartOf":{"@id":"https:\/\/floraplus.net\/en\/#website"},"datePublished":"2021-08-01T14:21:00+00:00","dateModified":"2024-08-21T06:51:12+00:00","breadcrumb":{"@id":"https:\/\/floraplus.net\/tr_tr\/proje-gonderme\/#breadcrumb"},"inLanguage":"en-US","potentialAction":[{"@type":"ReadAction","target":["https:\/\/floraplus.net\/tr_tr\/proje-gonderme\/"]}]},{"@type":"BreadcrumbList","@id":"https:\/\/floraplus.net\/tr_tr\/proje-gonderme\/#breadcrumb","itemListElement":[{"@type":"ListItem","position":1,"name":"Home","item":"https:\/\/floraplus.net\/en\/"},{"@type":"ListItem","position":2,"name":"Proje G\u00f6nderme"}]},{"@type":"WebSite","@id":"https:\/\/floraplus.net\/en\/#website","url":"https:\/\/floraplus.net\/en\/","name":"Floraplus","description":"Peyzaj, peyzaj mimarl\u0131\u011f\u0131, peyzaj bitkileri, s\u00fcs ve bah\u00e7e\u00a0bitkileri","publisher":{"@id":"https:\/\/floraplus.net\/en\/#organization"},"potentialAction":[{"@type":"SearchAction","target":{"@type":"EntryPoint","urlTemplate":"https:\/\/floraplus.net\/en\/?s={search_term_string}"},"query-input":{"@type":"PropertyValueSpecification","valueRequired":true,"valueName":"search_term_string"}}],"inLanguage":"en-US"},{"@type":"Organization","@id":"https:\/\/floraplus.net\/en\/#organization","name":"Floraplus","url":"https:\/\/floraplus.net\/en\/","logo":{"@type":"ImageObject","inLanguage":"en-US","@id":"https:\/\/floraplus.net\/en\/#\/schema\/logo\/image\/","url":"https:\/\/floraplus.net\/wp-content\/uploads\/2021\/08\/logo-e1627994475388.png","contentUrl":"https:\/\/floraplus.net\/wp-content\/uploads\/2021\/08\/logo-e1627994475388.png","width":251,"height":81,"caption":"Floraplus"},"image":{"@id":"https:\/\/floraplus.net\/en\/#\/schema\/logo\/image\/"},"sameAs":["https:\/\/www.facebook.com\/floraplusdergisi","https:\/\/www.instagram.com\/floraplusdergisi\/"]}]}},"_links":{"self":[{"href":"https:\/\/floraplus.net\/en\/wp-json\/wp\/v2\/pages\/5700","targetHints":{"allow":["GET"]}}],"collection":[{"href":"https:\/\/floraplus.net\/en\/wp-json\/wp\/v2\/pages"}],"about":[{"href":"https:\/\/floraplus.net\/en\/wp-json\/wp\/v2\/types\/page"}],"author":[{"embeddable":true,"href":"https:\/\/floraplus.net\/en\/wp-json\/wp\/v2\/users\/1"}],"replies":[{"embeddable":true,"href":"https:\/\/floraplus.net\/en\/wp-json\/wp\/v2\/comments?post=5700"}],"version-history":[{"count":3,"href":"https:\/\/floraplus.net\/en\/wp-json\/wp\/v2\/pages\/5700\/revisions"}],"predecessor-version":[{"id":7016,"href":"https:\/\/floraplus.net\/en\/wp-json\/wp\/v2\/pages\/5700\/revisions\/7016"}],"wp:attachment":[{"href":"https:\/\/floraplus.net\/en\/wp-json\/wp\/v2\/media?parent=5700"}],"curies":[{"name":"wp","href":"https:\/\/api.w.org\/{rel}","templated":true}]}}