{"id":4715,"date":"2019-01-28T16:50:21","date_gmt":"2019-01-28T16:50:21","guid":{"rendered":"http:\/\/td_uid_3_5c4f32cd154ce"},"modified":"2019-01-28T16:50:21","modified_gmt":"2019-01-28T16:50:21","slug":"homepage-fashion","status":"publish","type":"page","link":"https:\/\/floraplus.net\/tr_tr\/homepage-fashion\/","title":{"rendered":"Homepage &#8211; Fashion"},"content":{"rendered":"<p>[vc_row][vc_column][td_block_big_grid_3 category_id=&#8221;&#8221; sort=&#8221;random_posts&#8221; post_ids=&#8221;&#8221;][\/vc_column][\/vc_row][vc_row][vc_column][td_block_3 limit=&#8221;6&#8243; category_id=&#8221;&#8221; post_ids=&#8221;&#8221; category_ids=&#8221;&#8221;][vc_empty_space height=&#8221;1px&#8221;][td_block_ad_box spot_id=&#8221;custom_ad_2&#8243; custom_title=&#8221;&#8221;][vc_empty_space height=&#8221;1px&#8221;][\/vc_column][\/vc_row][vc_row el_class=&#8221;td-ss-row&#8221;][vc_column width=&#8221;2\/3&#8243;][td_block_1 limit=&#8221;6&#8243; custom_title=&#8221;Do not miss&#8221; sort=&#8221;random_posts&#8221; td_ajax_preloading=&#8221;preload&#8221; ajax_pagination=&#8221;load_more&#8221; td_ajax_filter_type=&#8221;td_category_ids_filter&#8221; category_id=&#8221;&#8221;][\/vc_column][vc_column width=&#8221;1\/3&#8243;][td_block_social_counter facebook=&#8221;wpionreview&#8221; facebook_app_id=&#8221;1681822448721994&#8243; facebook_security_key=&#8221;0c9736ad42429693db22e688e7c8f2bc&#8221; facebook_access_token=&#8221;1681822448721994|6bEmHSty2HH0MY5hgco64Jd7m5U&#8221; twitter=&#8221;wpionreview&#8221; instagram=&#8221;wpionreview&#8221; open_in_new_window=&#8221;y&#8221; custom_title=&#8221;Stay in touch&#8221;][td_block_author author_id=&#8221;1&#8243; css=&#8221;.vc_custom_1471011922634 {padding-top: 20px !important;padding-right: 15px !important;padding-left: 15px !important;background-color: #fff1e5 !important;}&#8221; custom_title=&#8221;&#8221;][td_block_popular_categories custom_title=&#8221;Popular categories&#8221;][\/vc_column][\/vc_row][vc_row][vc_column][td_block_8 limit=&#8221;8&#8243; category_id=&#8221;&#8221; td_ajax_filter_type=&#8221;td_category_ids_filter&#8221; custom_title=&#8221;Stay in Shape&#8221; ajax_pagination=&#8221;load_more&#8221; category_ids=&#8221;&#8221;][\/vc_column][\/vc_row][vc_row][vc_column][td_block_image_box display=&#8221;horizontal&#8221; style=&#8221;style-2&#8243; gap=&#8221;2&#8243; custom_title=&#8221;&#8221; image_title_item0=&#8221;Discover this year&#8217;s hottest autumn outfits&#8221; image_item0=&#8221;4694&#8243; height=&#8221;220&#8243;][\/vc_column][\/vc_row][vc_row el_class=&#8221;td-ss-row&#8221;][vc_column width=&#8221;2\/3&#8243;][td_block_1 custom_title=&#8221;Fashion Tech&#8221; category_ids=&#8221;&#8221; limit=&#8221;8&#8243; td_ajax_filter_type=&#8221;td_category_ids_filter&#8221; td_ajax_preloading=&#8221;preload&#8221; ajax_pagination=&#8221;load_more&#8221;][\/vc_column][vc_column width=&#8221;1\/3&#8243;][td_block_ad_box spot_id=&#8221;custom_ad_1&#8243; spot_title=&#8221;Advertisement&#8221;][td_block_3 custom_title=&#8221;Latest videos&#8221; ajax_pagination=&#8221;load_more&#8221; td_ajax_preloading=&#8221;preload&#8221;][\/vc_column][\/vc_row]<\/p>\n","protected":false},"excerpt":{"rendered":"<p>[vc_row][vc_column][td_block_big_grid_3 category_id=&#8221;&#8221; sort=&#8221;random_posts&#8221; post_ids=&#8221;&#8221;][\/vc_column][\/vc_row][vc_row][vc_column][td_block_3 limit=&#8221;6&#8243; category_id=&#8221;&#8221; post_ids=&#8221;&#8221; category_ids=&#8221;&#8221;][vc_empty_space height=&#8221;1px&#8221;][td_block_ad_box spot_id=&#8221;custom_ad_2&#8243; custom_title=&#8221;&#8221;][vc_empty_space height=&#8221;1px&#8221;][\/vc_column][\/vc_row][vc_row el_class=&#8221;td-ss-row&#8221;][vc_column width=&#8221;2\/3&#8243;][td_block_1 limit=&#8221;6&#8243;<\/p>\n","protected":false},"author":1,"featured_media":0,"parent":0,"menu_order":0,"comment_status":"open","ping_status":"closed","template":"","meta":{"pgc_sgb_lightbox_settings":"","cybocfi_hide_featured_image":"","footnotes":""},"class_list":["post-4715","page","type-page","status-publish","hentry"],"yoast_head":"<!-- This site is optimized with the Yoast SEO Premium plugin v25.4 (Yoast SEO v25.4) - https:\/\/yoast.com\/wordpress\/plugins\/seo\/ -->\n<title>Homepage - Fashion - Floraplus<\/title>\n<meta name=\"robots\" content=\"index, follow, max-snippet:-1, max-image-preview:large, max-video-preview:-1\" \/>\n<link rel=\"canonical\" href=\"http:\/\/floraplus.net\/tr_tr\/homepage-fashion\/\" \/>\n<meta property=\"og:locale\" content=\"tr_TR\" \/>\n<meta property=\"og:type\" content=\"article\" \/>\n<meta property=\"og:title\" content=\"Homepage - Fashion\" \/>\n<meta property=\"og:description\" content=\"[vc_row][vc_column][td_block_big_grid_3 category_id=&#8221;&#8221; sort=&#8221;random_posts&#8221; post_ids=&#8221;&#8221;][\/vc_column][\/vc_row][vc_row][vc_column][td_block_3 limit=&#8221;6&#8243; category_id=&#8221;&#8221; post_ids=&#8221;&#8221; category_ids=&#8221;&#8221;][vc_empty_space height=&#8221;1px&#8221;][td_block_ad_box spot_id=&#8221;custom_ad_2&#8243; custom_title=&#8221;&#8221;][vc_empty_space height=&#8221;1px&#8221;][\/vc_column][\/vc_row][vc_row el_class=&#8221;td-ss-row&#8221;][vc_column width=&#8221;2\/3&#8243;][td_block_1 limit=&#8221;6&#8243;\" \/>\n<meta property=\"og:url\" content=\"http:\/\/floraplus.net\/tr_tr\/homepage-fashion\/\" \/>\n<meta property=\"og:site_name\" content=\"Floraplus\" \/>\n<meta property=\"article:publisher\" content=\"https:\/\/www.facebook.com\/floraplusdergisi\" \/>\n<meta property=\"og:image\" content=\"https:\/\/floraplus.net\/wp-content\/uploads\/2025\/07\/floraplus-facebook-kapak-2.jpg\" \/>\n\t<meta property=\"og:image:width\" content=\"851\" \/>\n\t<meta property=\"og:image:height\" content=\"325\" \/>\n\t<meta property=\"og:image:type\" content=\"image\/jpeg\" \/>\n<meta name=\"twitter:card\" content=\"summary_large_image\" \/>\n<meta name=\"twitter:label1\" content=\"Tahmini okuma s\u00fcresi\" \/>\n\t<meta name=\"twitter:data1\" content=\"2 dakika\" \/>\n<script type=\"application\/ld+json\" class=\"yoast-schema-graph\">{\"@context\":\"https:\/\/schema.org\",\"@graph\":[{\"@type\":\"WebPage\",\"@id\":\"http:\/\/floraplus.net\/tr_tr\/homepage-fashion\/\",\"url\":\"http:\/\/floraplus.net\/tr_tr\/homepage-fashion\/\",\"name\":\"Homepage - Fashion - Floraplus\",\"isPartOf\":{\"@id\":\"https:\/\/floraplus.net\/en\/#website\"},\"datePublished\":\"2019-01-28T16:50:21+00:00\",\"breadcrumb\":{\"@id\":\"http:\/\/floraplus.net\/tr_tr\/homepage-fashion\/#breadcrumb\"},\"inLanguage\":\"tr\",\"potentialAction\":[{\"@type\":\"ReadAction\",\"target\":[\"http:\/\/floraplus.net\/tr_tr\/homepage-fashion\/\"]}]},{\"@type\":\"BreadcrumbList\",\"@id\":\"http:\/\/floraplus.net\/tr_tr\/homepage-fashion\/#breadcrumb\",\"itemListElement\":[{\"@type\":\"ListItem\",\"position\":1,\"name\":\"Home\",\"item\":\"https:\/\/floraplus.net\/en\/\"},{\"@type\":\"ListItem\",\"position\":2,\"name\":\"Homepage &#8211; Fashion\"}]},{\"@type\":\"WebSite\",\"@id\":\"https:\/\/floraplus.net\/en\/#website\",\"url\":\"https:\/\/floraplus.net\/en\/\",\"name\":\"Floraplus\",\"description\":\"Peyzaj, peyzaj mimarl\u0131\u011f\u0131, peyzaj bitkileri, s\u00fcs ve bah\u00e7e\u00a0bitkileri\",\"publisher\":{\"@id\":\"https:\/\/floraplus.net\/en\/#organization\"},\"potentialAction\":[{\"@type\":\"SearchAction\",\"target\":{\"@type\":\"EntryPoint\",\"urlTemplate\":\"https:\/\/floraplus.net\/en\/?s={search_term_string}\"},\"query-input\":{\"@type\":\"PropertyValueSpecification\",\"valueRequired\":true,\"valueName\":\"search_term_string\"}}],\"inLanguage\":\"tr\"},{\"@type\":\"Organization\",\"@id\":\"https:\/\/floraplus.net\/en\/#organization\",\"name\":\"Floraplus\",\"url\":\"https:\/\/floraplus.net\/en\/\",\"logo\":{\"@type\":\"ImageObject\",\"inLanguage\":\"tr\",\"@id\":\"https:\/\/floraplus.net\/en\/#\/schema\/logo\/image\/\",\"url\":\"https:\/\/floraplus.net\/wp-content\/uploads\/2021\/08\/logo-e1627994475388.png\",\"contentUrl\":\"https:\/\/floraplus.net\/wp-content\/uploads\/2021\/08\/logo-e1627994475388.png\",\"width\":251,\"height\":81,\"caption\":\"Floraplus\"},\"image\":{\"@id\":\"https:\/\/floraplus.net\/en\/#\/schema\/logo\/image\/\"},\"sameAs\":[\"https:\/\/www.facebook.com\/floraplusdergisi\",\"https:\/\/www.instagram.com\/floraplusdergisi\/\"]}]}<\/script>\n<!-- \/ Yoast SEO Premium plugin. -->","yoast_head_json":{"title":"Homepage - Fashion - Floraplus","robots":{"index":"index","follow":"follow","max-snippet":"max-snippet:-1","max-image-preview":"max-image-preview:large","max-video-preview":"max-video-preview:-1"},"canonical":"http:\/\/floraplus.net\/tr_tr\/homepage-fashion\/","og_locale":"tr_TR","og_type":"article","og_title":"Homepage - Fashion","og_description":"[vc_row][vc_column][td_block_big_grid_3 category_id=&#8221;&#8221; sort=&#8221;random_posts&#8221; post_ids=&#8221;&#8221;][\/vc_column][\/vc_row][vc_row][vc_column][td_block_3 limit=&#8221;6&#8243; category_id=&#8221;&#8221; post_ids=&#8221;&#8221; category_ids=&#8221;&#8221;][vc_empty_space height=&#8221;1px&#8221;][td_block_ad_box spot_id=&#8221;custom_ad_2&#8243; custom_title=&#8221;&#8221;][vc_empty_space height=&#8221;1px&#8221;][\/vc_column][\/vc_row][vc_row el_class=&#8221;td-ss-row&#8221;][vc_column width=&#8221;2\/3&#8243;][td_block_1 limit=&#8221;6&#8243;","og_url":"http:\/\/floraplus.net\/tr_tr\/homepage-fashion\/","og_site_name":"Floraplus","article_publisher":"https:\/\/www.facebook.com\/floraplusdergisi","og_image":[{"width":851,"height":325,"url":"https:\/\/floraplus.net\/wp-content\/uploads\/2025\/07\/floraplus-facebook-kapak-2.jpg","type":"image\/jpeg"}],"twitter_card":"summary_large_image","twitter_misc":{"Tahmini okuma s\u00fcresi":"2 dakika"},"schema":{"@context":"https:\/\/schema.org","@graph":[{"@type":"WebPage","@id":"http:\/\/floraplus.net\/tr_tr\/homepage-fashion\/","url":"http:\/\/floraplus.net\/tr_tr\/homepage-fashion\/","name":"Homepage - Fashion - Floraplus","isPartOf":{"@id":"https:\/\/floraplus.net\/en\/#website"},"datePublished":"2019-01-28T16:50:21+00:00","breadcrumb":{"@id":"http:\/\/floraplus.net\/tr_tr\/homepage-fashion\/#breadcrumb"},"inLanguage":"tr","potentialAction":[{"@type":"ReadAction","target":["http:\/\/floraplus.net\/tr_tr\/homepage-fashion\/"]}]},{"@type":"BreadcrumbList","@id":"http:\/\/floraplus.net\/tr_tr\/homepage-fashion\/#breadcrumb","itemListElement":[{"@type":"ListItem","position":1,"name":"Home","item":"https:\/\/floraplus.net\/en\/"},{"@type":"ListItem","position":2,"name":"Homepage &#8211; Fashion"}]},{"@type":"WebSite","@id":"https:\/\/floraplus.net\/en\/#website","url":"https:\/\/floraplus.net\/en\/","name":"Floraplus","description":"Peyzaj, peyzaj mimarl\u0131\u011f\u0131, peyzaj bitkileri, s\u00fcs ve bah\u00e7e\u00a0bitkileri","publisher":{"@id":"https:\/\/floraplus.net\/en\/#organization"},"potentialAction":[{"@type":"SearchAction","target":{"@type":"EntryPoint","urlTemplate":"https:\/\/floraplus.net\/en\/?s={search_term_string}"},"query-input":{"@type":"PropertyValueSpecification","valueRequired":true,"valueName":"search_term_string"}}],"inLanguage":"tr"},{"@type":"Organization","@id":"https:\/\/floraplus.net\/en\/#organization","name":"Floraplus","url":"https:\/\/floraplus.net\/en\/","logo":{"@type":"ImageObject","inLanguage":"tr","@id":"https:\/\/floraplus.net\/en\/#\/schema\/logo\/image\/","url":"https:\/\/floraplus.net\/wp-content\/uploads\/2021\/08\/logo-e1627994475388.png","contentUrl":"https:\/\/floraplus.net\/wp-content\/uploads\/2021\/08\/logo-e1627994475388.png","width":251,"height":81,"caption":"Floraplus"},"image":{"@id":"https:\/\/floraplus.net\/en\/#\/schema\/logo\/image\/"},"sameAs":["https:\/\/www.facebook.com\/floraplusdergisi","https:\/\/www.instagram.com\/floraplusdergisi\/"]}]}},"_links":{"self":[{"href":"https:\/\/floraplus.net\/tr_tr\/wp-json\/wp\/v2\/pages\/4715","targetHints":{"allow":["GET"]}}],"collection":[{"href":"https:\/\/floraplus.net\/tr_tr\/wp-json\/wp\/v2\/pages"}],"about":[{"href":"https:\/\/floraplus.net\/tr_tr\/wp-json\/wp\/v2\/types\/page"}],"author":[{"embeddable":true,"href":"https:\/\/floraplus.net\/tr_tr\/wp-json\/wp\/v2\/users\/1"}],"replies":[{"embeddable":true,"href":"https:\/\/floraplus.net\/tr_tr\/wp-json\/wp\/v2\/comments?post=4715"}],"version-history":[{"count":0,"href":"https:\/\/floraplus.net\/tr_tr\/wp-json\/wp\/v2\/pages\/4715\/revisions"}],"wp:attachment":[{"href":"https:\/\/floraplus.net\/tr_tr\/wp-json\/wp\/v2\/media?parent=4715"}],"curies":[{"name":"wp","href":"https:\/\/api.w.org\/{rel}","templated":true}]}}