{"id":5640,"date":"2013-05-18T13:05:38","date_gmt":"2013-05-18T10:05:38","guid":{"rendered":"http:\/\/floraplus.tk\/?page_id=570"},"modified":"2024-09-18T12:36:40","modified_gmt":"2024-09-18T09:36:40","slug":"hakkimizda-2","status":"publish","type":"page","link":"https:\/\/floraplus.net\/tr_tr\/iletisim\/hakkimizda-2\/","title":{"rendered":"Hakk\u0131m\u0131zda"},"content":{"rendered":"\n<p><strong>Floraplus Dergisi,<\/strong> ekonomi ve sekt\u00f6rel yay\u0131nc\u0131l\u0131k konusunda deneyimli bir grup gazeteci taraf\u0131ndan peyzaj, peyzaj mimarl\u0131\u011f\u0131 ve bitkisel \u00fcretim \u00fczerine yay\u0131mlar yapmak \u00fczere kuruldu. Halen bu konular \u00fczerine bas\u0131l\u0131 dergiler ve dijital yay\u0131nlar tasarl\u0131yor ve i\u00e7erik sa\u011fl\u0131yor. Floraplus Dergisi\u2019ni haz\u0131rlayan ekip T\u00fcrkiye\u2019nin ilk mesleki-sekt\u00f6rel katalo\u011funu (\u00dcretim Katalo\u011fu) haz\u0131rlad\u0131 ve \u00fcreticiyle t\u00fcketicinin bulu\u015fmas\u0131n\u0131 sa\u011flad\u0131. Peyzaj Uygulama ve Bitkiler Kitab\u0131, Ye\u015filvadi Kitab\u0131, T\u00fcrkiye \u0130\u00e7 Mek\u00e2n Bitkileri Kitab\u0131 gibi \u00e7e\u015fitli kitaplar haz\u0131rlad\u0131 sundu. Floraplus Dergisi 2025 y\u0131l\u0131 ba\u015f\u0131nda 20. y\u0131l\u0131n\u0131 dolduruyor\u2026 Yay\u0131m hayat\u0131na ba\u015flarken peyzaj mimarl\u0131\u011f\u0131 bilgi alan\u0131n\u0131n ve mesle\u011fin \u201cinsan yerle\u015fimlerini, insanlarla di\u011fer varl\u0131klar aras\u0131ndaki ileti\u015fimi konu edinmesi gerekti\u011fi\u201dnden hareket etti\u2026 Aradan ge\u00e7en 20 y\u0131lda giderek artan iklim krizi bu yakla\u015f\u0131m\u0131 daha da g\u00f6r\u00fcl\u00fcr hale getirdi.<\/p>\n","protected":false},"excerpt":{"rendered":"<p>Floraplus Dergisi, ekonomi ve sekt\u00f6rel yay\u0131nc\u0131l\u0131k konusunda deneyimli bir grup gazeteci taraf\u0131ndan peyzaj, peyzaj mimarl\u0131\u011f\u0131<\/p>\n","protected":false},"author":1,"featured_media":0,"parent":4270,"menu_order":0,"comment_status":"open","ping_status":"closed","template":"","meta":{"pgc_sgb_lightbox_settings":"","cybocfi_hide_featured_image":"","footnotes":""},"class_list":["post-5640","page","type-page","status-publish","hentry"],"yoast_head":"<!-- This site is optimized with the Yoast SEO Premium plugin v25.4 (Yoast SEO v25.4) - https:\/\/yoast.com\/wordpress\/plugins\/seo\/ -->\n<title>Hakk\u0131m\u0131zda - Floraplus<\/title>\n<meta name=\"robots\" content=\"index, follow, max-snippet:-1, max-image-preview:large, max-video-preview:-1\" \/>\n<link rel=\"canonical\" href=\"http:\/\/floraplus.net\/tr_tr\/iletisim\/hakkimizda-2\/\" \/>\n<meta property=\"og:locale\" content=\"tr_TR\" \/>\n<meta property=\"og:type\" content=\"article\" \/>\n<meta property=\"og:title\" content=\"Hakk\u0131m\u0131zda\" \/>\n<meta property=\"og:description\" content=\"Floraplus Dergisi, ekonomi ve sekt\u00f6rel yay\u0131nc\u0131l\u0131k konusunda deneyimli bir grup gazeteci taraf\u0131ndan peyzaj, peyzaj mimarl\u0131\u011f\u0131\" \/>\n<meta property=\"og:url\" content=\"http:\/\/floraplus.net\/tr_tr\/iletisim\/hakkimizda-2\/\" \/>\n<meta property=\"og:site_name\" content=\"Floraplus\" \/>\n<meta property=\"article:publisher\" content=\"https:\/\/www.facebook.com\/floraplusdergisi\" \/>\n<meta property=\"article:modified_time\" content=\"2024-09-18T09:36:40+00:00\" \/>\n<meta property=\"og:image\" content=\"https:\/\/floraplus.net\/wp-content\/uploads\/2025\/07\/floraplus-facebook-kapak-2.jpg\" \/>\n\t<meta property=\"og:image:width\" content=\"851\" \/>\n\t<meta property=\"og:image:height\" content=\"325\" \/>\n\t<meta property=\"og:image:type\" content=\"image\/jpeg\" \/>\n<meta name=\"twitter:card\" content=\"summary_large_image\" \/>\n<meta name=\"twitter:label1\" content=\"Tahmini okuma s\u00fcresi\" \/>\n\t<meta name=\"twitter:data1\" content=\"1 dakika\" \/>\n<script type=\"application\/ld+json\" class=\"yoast-schema-graph\">{\"@context\":\"https:\/\/schema.org\",\"@graph\":[{\"@type\":\"WebPage\",\"@id\":\"http:\/\/floraplus.net\/tr_tr\/iletisim\/hakkimizda-2\/\",\"url\":\"http:\/\/floraplus.net\/tr_tr\/iletisim\/hakkimizda-2\/\",\"name\":\"Hakk\u0131m\u0131zda - Floraplus\",\"isPartOf\":{\"@id\":\"https:\/\/floraplus.net\/en\/#website\"},\"datePublished\":\"2013-05-18T10:05:38+00:00\",\"dateModified\":\"2024-09-18T09:36:40+00:00\",\"breadcrumb\":{\"@id\":\"http:\/\/floraplus.net\/tr_tr\/iletisim\/hakkimizda-2\/#breadcrumb\"},\"inLanguage\":\"tr\",\"potentialAction\":[{\"@type\":\"ReadAction\",\"target\":[\"http:\/\/floraplus.net\/tr_tr\/iletisim\/hakkimizda-2\/\"]}]},{\"@type\":\"BreadcrumbList\",\"@id\":\"http:\/\/floraplus.net\/tr_tr\/iletisim\/hakkimizda-2\/#breadcrumb\",\"itemListElement\":[{\"@type\":\"ListItem\",\"position\":1,\"name\":\"Home\",\"item\":\"https:\/\/floraplus.net\/en\/\"},{\"@type\":\"ListItem\",\"position\":2,\"name\":\"\u0130leti\u015fim\",\"item\":\"https:\/\/floraplus.net\/tr_tr\/iletisim\/\"},{\"@type\":\"ListItem\",\"position\":3,\"name\":\"Hakk\u0131m\u0131zda\"}]},{\"@type\":\"WebSite\",\"@id\":\"https:\/\/floraplus.net\/en\/#website\",\"url\":\"https:\/\/floraplus.net\/en\/\",\"name\":\"Floraplus\",\"description\":\"Peyzaj, peyzaj mimarl\u0131\u011f\u0131, peyzaj bitkileri, s\u00fcs ve bah\u00e7e\u00a0bitkileri\",\"publisher\":{\"@id\":\"https:\/\/floraplus.net\/en\/#organization\"},\"potentialAction\":[{\"@type\":\"SearchAction\",\"target\":{\"@type\":\"EntryPoint\",\"urlTemplate\":\"https:\/\/floraplus.net\/en\/?s={search_term_string}\"},\"query-input\":{\"@type\":\"PropertyValueSpecification\",\"valueRequired\":true,\"valueName\":\"search_term_string\"}}],\"inLanguage\":\"tr\"},{\"@type\":\"Organization\",\"@id\":\"https:\/\/floraplus.net\/en\/#organization\",\"name\":\"Floraplus\",\"url\":\"https:\/\/floraplus.net\/en\/\",\"logo\":{\"@type\":\"ImageObject\",\"inLanguage\":\"tr\",\"@id\":\"https:\/\/floraplus.net\/en\/#\/schema\/logo\/image\/\",\"url\":\"https:\/\/floraplus.net\/wp-content\/uploads\/2021\/08\/logo-e1627994475388.png\",\"contentUrl\":\"https:\/\/floraplus.net\/wp-content\/uploads\/2021\/08\/logo-e1627994475388.png\",\"width\":251,\"height\":81,\"caption\":\"Floraplus\"},\"image\":{\"@id\":\"https:\/\/floraplus.net\/en\/#\/schema\/logo\/image\/\"},\"sameAs\":[\"https:\/\/www.facebook.com\/floraplusdergisi\",\"https:\/\/www.instagram.com\/floraplusdergisi\/\"]}]}<\/script>\n<!-- \/ Yoast SEO Premium plugin. -->","yoast_head_json":{"title":"Hakk\u0131m\u0131zda - Floraplus","robots":{"index":"index","follow":"follow","max-snippet":"max-snippet:-1","max-image-preview":"max-image-preview:large","max-video-preview":"max-video-preview:-1"},"canonical":"http:\/\/floraplus.net\/tr_tr\/iletisim\/hakkimizda-2\/","og_locale":"tr_TR","og_type":"article","og_title":"Hakk\u0131m\u0131zda","og_description":"Floraplus Dergisi, ekonomi ve sekt\u00f6rel yay\u0131nc\u0131l\u0131k konusunda deneyimli bir grup gazeteci taraf\u0131ndan peyzaj, peyzaj mimarl\u0131\u011f\u0131","og_url":"http:\/\/floraplus.net\/tr_tr\/iletisim\/hakkimizda-2\/","og_site_name":"Floraplus","article_publisher":"https:\/\/www.facebook.com\/floraplusdergisi","article_modified_time":"2024-09-18T09:36:40+00:00","og_image":[{"width":851,"height":325,"url":"https:\/\/floraplus.net\/wp-content\/uploads\/2025\/07\/floraplus-facebook-kapak-2.jpg","type":"image\/jpeg"}],"twitter_card":"summary_large_image","twitter_misc":{"Tahmini okuma s\u00fcresi":"1 dakika"},"schema":{"@context":"https:\/\/schema.org","@graph":[{"@type":"WebPage","@id":"http:\/\/floraplus.net\/tr_tr\/iletisim\/hakkimizda-2\/","url":"http:\/\/floraplus.net\/tr_tr\/iletisim\/hakkimizda-2\/","name":"Hakk\u0131m\u0131zda - Floraplus","isPartOf":{"@id":"https:\/\/floraplus.net\/en\/#website"},"datePublished":"2013-05-18T10:05:38+00:00","dateModified":"2024-09-18T09:36:40+00:00","breadcrumb":{"@id":"http:\/\/floraplus.net\/tr_tr\/iletisim\/hakkimizda-2\/#breadcrumb"},"inLanguage":"tr","potentialAction":[{"@type":"ReadAction","target":["http:\/\/floraplus.net\/tr_tr\/iletisim\/hakkimizda-2\/"]}]},{"@type":"BreadcrumbList","@id":"http:\/\/floraplus.net\/tr_tr\/iletisim\/hakkimizda-2\/#breadcrumb","itemListElement":[{"@type":"ListItem","position":1,"name":"Home","item":"https:\/\/floraplus.net\/en\/"},{"@type":"ListItem","position":2,"name":"\u0130leti\u015fim","item":"https:\/\/floraplus.net\/tr_tr\/iletisim\/"},{"@type":"ListItem","position":3,"name":"Hakk\u0131m\u0131zda"}]},{"@type":"WebSite","@id":"https:\/\/floraplus.net\/en\/#website","url":"https:\/\/floraplus.net\/en\/","name":"Floraplus","description":"Peyzaj, peyzaj mimarl\u0131\u011f\u0131, peyzaj bitkileri, s\u00fcs ve bah\u00e7e\u00a0bitkileri","publisher":{"@id":"https:\/\/floraplus.net\/en\/#organization"},"potentialAction":[{"@type":"SearchAction","target":{"@type":"EntryPoint","urlTemplate":"https:\/\/floraplus.net\/en\/?s={search_term_string}"},"query-input":{"@type":"PropertyValueSpecification","valueRequired":true,"valueName":"search_term_string"}}],"inLanguage":"tr"},{"@type":"Organization","@id":"https:\/\/floraplus.net\/en\/#organization","name":"Floraplus","url":"https:\/\/floraplus.net\/en\/","logo":{"@type":"ImageObject","inLanguage":"tr","@id":"https:\/\/floraplus.net\/en\/#\/schema\/logo\/image\/","url":"https:\/\/floraplus.net\/wp-content\/uploads\/2021\/08\/logo-e1627994475388.png","contentUrl":"https:\/\/floraplus.net\/wp-content\/uploads\/2021\/08\/logo-e1627994475388.png","width":251,"height":81,"caption":"Floraplus"},"image":{"@id":"https:\/\/floraplus.net\/en\/#\/schema\/logo\/image\/"},"sameAs":["https:\/\/www.facebook.com\/floraplusdergisi","https:\/\/www.instagram.com\/floraplusdergisi\/"]}]}},"_links":{"self":[{"href":"https:\/\/floraplus.net\/tr_tr\/wp-json\/wp\/v2\/pages\/5640","targetHints":{"allow":["GET"]}}],"collection":[{"href":"https:\/\/floraplus.net\/tr_tr\/wp-json\/wp\/v2\/pages"}],"about":[{"href":"https:\/\/floraplus.net\/tr_tr\/wp-json\/wp\/v2\/types\/page"}],"author":[{"embeddable":true,"href":"https:\/\/floraplus.net\/tr_tr\/wp-json\/wp\/v2\/users\/1"}],"replies":[{"embeddable":true,"href":"https:\/\/floraplus.net\/tr_tr\/wp-json\/wp\/v2\/comments?post=5640"}],"version-history":[{"count":3,"href":"https:\/\/floraplus.net\/tr_tr\/wp-json\/wp\/v2\/pages\/5640\/revisions"}],"predecessor-version":[{"id":7058,"href":"https:\/\/floraplus.net\/tr_tr\/wp-json\/wp\/v2\/pages\/5640\/revisions\/7058"}],"up":[{"embeddable":true,"href":"https:\/\/floraplus.net\/tr_tr\/wp-json\/wp\/v2\/pages\/4270"}],"wp:attachment":[{"href":"https:\/\/floraplus.net\/tr_tr\/wp-json\/wp\/v2\/media?parent=5640"}],"curies":[{"name":"wp","href":"https:\/\/api.w.org\/{rel}","templated":true}]}}