{"id":5642,"date":"2013-05-18T13:20:53","date_gmt":"2013-05-18T10:20:53","guid":{"rendered":"http:\/\/floraplus.tk\/?page_id=577"},"modified":"2022-08-18T14:10:26","modified_gmt":"2022-08-18T11:10:26","slug":"kunye","status":"publish","type":"page","link":"https:\/\/floraplus.net\/tr_tr\/iletisim\/kunye\/","title":{"rendered":"K\u00fcnye"},"content":{"rendered":"<p><strong>FLORAPLUS<\/strong><br \/>\n\u0130rfan Akg\u00fcnd\u00fcz Ad\u0131na<br \/>\nSahibi Ecevit \u00d6zt\u00fcrk<\/p>\n<p><strong>SORUMLU YAZI \u0130\u015eLER\u0130 M\u00dcD\u00dcR\u00dc<\/strong><\/p>\n<p>Ecevit \u00d6zt\u00fcrk<\/p>\n<p><strong>YAZI \u0130\u015eLER\u0130<\/strong><\/p>\n<p>\u0130rfan Akg\u00fcnd\u00fcz<br \/>\nAysun G\u00fcler<\/p>\n<p><strong>GRAF\u0130K TASARIM<\/strong><\/p>\n<p><a href=\"http:\/\/www.grafink.net\" target=\"_blank\" rel=\"noopener\">Tamer Akg\u00fcnd\u00fcz<\/a><\/p>\n<p><strong>WEB TASARIM<\/strong><br \/>\n<a href=\"http:\/\/www.grafink.net\" target=\"_blank\" rel=\"noopener\">Tamer Akg\u00fcnd\u00fcz<\/a><\/p>\n<p><strong>HUKUK DANI\u015eMANI<\/strong><br \/>\nAv. Ecevit \u00d6zt\u00fcrk<\/p>\n<p><strong>MERKEZ<\/strong><\/p>\n<p>G\u00fcm\u00fc\u015fl\u00fck Mahallesi, \u0130smet \u0130n\u00f6n\u00fc Caddesi, B Blok No: 17 \u0130\u00e7 Kap\u0131 No: 2 Bodrum\/Mu\u011fla<\/p>\n<p>Tel:\u00a0\u00a0\u00a0\u00a0\u00a0 0533 343 5424 &#8211; 0542 221 4998<\/p>\n<p><a href=\"mailto:info@floraplus.net\">info@floraplus.net<\/a><\/p>\n<p><a href=\"mailto:floraplusdergisi@gmail.com\">floraplusdergisi@gmail.com<\/a><\/p>\n<p><a title=\"www.floraplus.net\" href=\"http:\/\/www.floraplus.tk\/\">www.floraplus.net<\/a><\/p>\n<p><strong>HESAP B\u0130LG\u0130LER\u0130<\/strong><\/p>\n<p>Aysun G\u00fcler<br \/>\nYap\u0131kredi \u0130zmir Bornova \u015eubesi<br \/>\nIban: TR51 0006 7010 0000 0040 4343 09<\/p>\n","protected":false},"excerpt":{"rendered":"<p>FLORAPLUS \u0130rfan Akg\u00fcnd\u00fcz Ad\u0131na Sahibi Ecevit \u00d6zt\u00fcrk SORUMLU YAZI \u0130\u015eLER\u0130 M\u00dcD\u00dcR\u00dc Ecevit \u00d6zt\u00fcrk YAZI \u0130\u015eLER\u0130<\/p>\n","protected":false},"author":1,"featured_media":0,"parent":4270,"menu_order":0,"comment_status":"open","ping_status":"closed","template":"","meta":{"pgc_sgb_lightbox_settings":"","cybocfi_hide_featured_image":"","footnotes":""},"class_list":["post-5642","page","type-page","status-publish","hentry"],"yoast_head":"<!-- This site is optimized with the Yoast SEO Premium plugin v25.4 (Yoast SEO v25.4) - https:\/\/yoast.com\/wordpress\/plugins\/seo\/ -->\n<title>K\u00fcnye - Floraplus<\/title>\n<meta name=\"robots\" content=\"index, follow, max-snippet:-1, max-image-preview:large, max-video-preview:-1\" \/>\n<link rel=\"canonical\" href=\"http:\/\/floraplus.net\/tr_tr\/iletisim\/kunye\/\" \/>\n<meta property=\"og:locale\" content=\"tr_TR\" \/>\n<meta property=\"og:type\" content=\"article\" \/>\n<meta property=\"og:title\" content=\"K\u00fcnye\" \/>\n<meta property=\"og:description\" content=\"FLORAPLUS \u0130rfan Akg\u00fcnd\u00fcz Ad\u0131na Sahibi Ecevit \u00d6zt\u00fcrk SORUMLU YAZI \u0130\u015eLER\u0130 M\u00dcD\u00dcR\u00dc Ecevit \u00d6zt\u00fcrk YAZI \u0130\u015eLER\u0130\" \/>\n<meta property=\"og:url\" content=\"http:\/\/floraplus.net\/tr_tr\/iletisim\/kunye\/\" \/>\n<meta property=\"og:site_name\" content=\"Floraplus\" \/>\n<meta property=\"article:publisher\" content=\"https:\/\/www.facebook.com\/floraplusdergisi\" \/>\n<meta property=\"article:modified_time\" content=\"2022-08-18T11:10:26+00:00\" \/>\n<meta property=\"og:image\" content=\"https:\/\/floraplus.net\/wp-content\/uploads\/2025\/07\/floraplus-facebook-kapak-2.jpg\" \/>\n\t<meta property=\"og:image:width\" content=\"851\" \/>\n\t<meta property=\"og:image:height\" content=\"325\" \/>\n\t<meta property=\"og:image:type\" content=\"image\/jpeg\" \/>\n<meta name=\"twitter:card\" content=\"summary_large_image\" \/>\n<script type=\"application\/ld+json\" class=\"yoast-schema-graph\">{\"@context\":\"https:\/\/schema.org\",\"@graph\":[{\"@type\":\"WebPage\",\"@id\":\"http:\/\/floraplus.net\/tr_tr\/iletisim\/kunye\/\",\"url\":\"http:\/\/floraplus.net\/tr_tr\/iletisim\/kunye\/\",\"name\":\"K\u00fcnye - Floraplus\",\"isPartOf\":{\"@id\":\"https:\/\/floraplus.net\/en\/#website\"},\"datePublished\":\"2013-05-18T10:20:53+00:00\",\"dateModified\":\"2022-08-18T11:10:26+00:00\",\"breadcrumb\":{\"@id\":\"http:\/\/floraplus.net\/tr_tr\/iletisim\/kunye\/#breadcrumb\"},\"inLanguage\":\"tr\",\"potentialAction\":[{\"@type\":\"ReadAction\",\"target\":[\"http:\/\/floraplus.net\/tr_tr\/iletisim\/kunye\/\"]}]},{\"@type\":\"BreadcrumbList\",\"@id\":\"http:\/\/floraplus.net\/tr_tr\/iletisim\/kunye\/#breadcrumb\",\"itemListElement\":[{\"@type\":\"ListItem\",\"position\":1,\"name\":\"Home\",\"item\":\"https:\/\/floraplus.net\/en\/\"},{\"@type\":\"ListItem\",\"position\":2,\"name\":\"\u0130leti\u015fim\",\"item\":\"https:\/\/floraplus.net\/tr_tr\/iletisim\/\"},{\"@type\":\"ListItem\",\"position\":3,\"name\":\"K\u00fcnye\"}]},{\"@type\":\"WebSite\",\"@id\":\"https:\/\/floraplus.net\/en\/#website\",\"url\":\"https:\/\/floraplus.net\/en\/\",\"name\":\"Floraplus\",\"description\":\"Peyzaj, peyzaj mimarl\u0131\u011f\u0131, peyzaj bitkileri, s\u00fcs ve bah\u00e7e\u00a0bitkileri\",\"publisher\":{\"@id\":\"https:\/\/floraplus.net\/en\/#organization\"},\"potentialAction\":[{\"@type\":\"SearchAction\",\"target\":{\"@type\":\"EntryPoint\",\"urlTemplate\":\"https:\/\/floraplus.net\/en\/?s={search_term_string}\"},\"query-input\":{\"@type\":\"PropertyValueSpecification\",\"valueRequired\":true,\"valueName\":\"search_term_string\"}}],\"inLanguage\":\"tr\"},{\"@type\":\"Organization\",\"@id\":\"https:\/\/floraplus.net\/en\/#organization\",\"name\":\"Floraplus\",\"url\":\"https:\/\/floraplus.net\/en\/\",\"logo\":{\"@type\":\"ImageObject\",\"inLanguage\":\"tr\",\"@id\":\"https:\/\/floraplus.net\/en\/#\/schema\/logo\/image\/\",\"url\":\"https:\/\/floraplus.net\/wp-content\/uploads\/2021\/08\/logo-e1627994475388.png\",\"contentUrl\":\"https:\/\/floraplus.net\/wp-content\/uploads\/2021\/08\/logo-e1627994475388.png\",\"width\":251,\"height\":81,\"caption\":\"Floraplus\"},\"image\":{\"@id\":\"https:\/\/floraplus.net\/en\/#\/schema\/logo\/image\/\"},\"sameAs\":[\"https:\/\/www.facebook.com\/floraplusdergisi\",\"https:\/\/www.instagram.com\/floraplusdergisi\/\"]}]}<\/script>\n<!-- \/ Yoast SEO Premium plugin. -->","yoast_head_json":{"title":"K\u00fcnye - Floraplus","robots":{"index":"index","follow":"follow","max-snippet":"max-snippet:-1","max-image-preview":"max-image-preview:large","max-video-preview":"max-video-preview:-1"},"canonical":"http:\/\/floraplus.net\/tr_tr\/iletisim\/kunye\/","og_locale":"tr_TR","og_type":"article","og_title":"K\u00fcnye","og_description":"FLORAPLUS \u0130rfan Akg\u00fcnd\u00fcz Ad\u0131na Sahibi Ecevit \u00d6zt\u00fcrk SORUMLU YAZI \u0130\u015eLER\u0130 M\u00dcD\u00dcR\u00dc Ecevit \u00d6zt\u00fcrk YAZI \u0130\u015eLER\u0130","og_url":"http:\/\/floraplus.net\/tr_tr\/iletisim\/kunye\/","og_site_name":"Floraplus","article_publisher":"https:\/\/www.facebook.com\/floraplusdergisi","article_modified_time":"2022-08-18T11:10:26+00:00","og_image":[{"width":851,"height":325,"url":"https:\/\/floraplus.net\/wp-content\/uploads\/2025\/07\/floraplus-facebook-kapak-2.jpg","type":"image\/jpeg"}],"twitter_card":"summary_large_image","schema":{"@context":"https:\/\/schema.org","@graph":[{"@type":"WebPage","@id":"http:\/\/floraplus.net\/tr_tr\/iletisim\/kunye\/","url":"http:\/\/floraplus.net\/tr_tr\/iletisim\/kunye\/","name":"K\u00fcnye - Floraplus","isPartOf":{"@id":"https:\/\/floraplus.net\/en\/#website"},"datePublished":"2013-05-18T10:20:53+00:00","dateModified":"2022-08-18T11:10:26+00:00","breadcrumb":{"@id":"http:\/\/floraplus.net\/tr_tr\/iletisim\/kunye\/#breadcrumb"},"inLanguage":"tr","potentialAction":[{"@type":"ReadAction","target":["http:\/\/floraplus.net\/tr_tr\/iletisim\/kunye\/"]}]},{"@type":"BreadcrumbList","@id":"http:\/\/floraplus.net\/tr_tr\/iletisim\/kunye\/#breadcrumb","itemListElement":[{"@type":"ListItem","position":1,"name":"Home","item":"https:\/\/floraplus.net\/en\/"},{"@type":"ListItem","position":2,"name":"\u0130leti\u015fim","item":"https:\/\/floraplus.net\/tr_tr\/iletisim\/"},{"@type":"ListItem","position":3,"name":"K\u00fcnye"}]},{"@type":"WebSite","@id":"https:\/\/floraplus.net\/en\/#website","url":"https:\/\/floraplus.net\/en\/","name":"Floraplus","description":"Peyzaj, peyzaj mimarl\u0131\u011f\u0131, peyzaj bitkileri, s\u00fcs ve bah\u00e7e\u00a0bitkileri","publisher":{"@id":"https:\/\/floraplus.net\/en\/#organization"},"potentialAction":[{"@type":"SearchAction","target":{"@type":"EntryPoint","urlTemplate":"https:\/\/floraplus.net\/en\/?s={search_term_string}"},"query-input":{"@type":"PropertyValueSpecification","valueRequired":true,"valueName":"search_term_string"}}],"inLanguage":"tr"},{"@type":"Organization","@id":"https:\/\/floraplus.net\/en\/#organization","name":"Floraplus","url":"https:\/\/floraplus.net\/en\/","logo":{"@type":"ImageObject","inLanguage":"tr","@id":"https:\/\/floraplus.net\/en\/#\/schema\/logo\/image\/","url":"https:\/\/floraplus.net\/wp-content\/uploads\/2021\/08\/logo-e1627994475388.png","contentUrl":"https:\/\/floraplus.net\/wp-content\/uploads\/2021\/08\/logo-e1627994475388.png","width":251,"height":81,"caption":"Floraplus"},"image":{"@id":"https:\/\/floraplus.net\/en\/#\/schema\/logo\/image\/"},"sameAs":["https:\/\/www.facebook.com\/floraplusdergisi","https:\/\/www.instagram.com\/floraplusdergisi\/"]}]}},"_links":{"self":[{"href":"https:\/\/floraplus.net\/tr_tr\/wp-json\/wp\/v2\/pages\/5642","targetHints":{"allow":["GET"]}}],"collection":[{"href":"https:\/\/floraplus.net\/tr_tr\/wp-json\/wp\/v2\/pages"}],"about":[{"href":"https:\/\/floraplus.net\/tr_tr\/wp-json\/wp\/v2\/types\/page"}],"author":[{"embeddable":true,"href":"https:\/\/floraplus.net\/tr_tr\/wp-json\/wp\/v2\/users\/1"}],"replies":[{"embeddable":true,"href":"https:\/\/floraplus.net\/tr_tr\/wp-json\/wp\/v2\/comments?post=5642"}],"version-history":[{"count":3,"href":"https:\/\/floraplus.net\/tr_tr\/wp-json\/wp\/v2\/pages\/5642\/revisions"}],"predecessor-version":[{"id":6668,"href":"https:\/\/floraplus.net\/tr_tr\/wp-json\/wp\/v2\/pages\/5642\/revisions\/6668"}],"up":[{"embeddable":true,"href":"https:\/\/floraplus.net\/tr_tr\/wp-json\/wp\/v2\/pages\/4270"}],"wp:attachment":[{"href":"https:\/\/floraplus.net\/tr_tr\/wp-json\/wp\/v2\/media?parent=5642"}],"curies":[{"name":"wp","href":"https:\/\/api.w.org\/{rel}","templated":true}]}}